{"id":1451,"date":"2020-10-12T16:17:22","date_gmt":"2020-10-12T14:17:22","guid":{"rendered":"https:\/\/cellermenescal.com\/nuestra-historia\/"},"modified":"2020-10-12T16:17:22","modified_gmt":"2020-10-12T14:17:22","slug":"nuestra-historia","status":"publish","type":"page","link":"https:\/\/cellermenescal.com\/en\/nuestra-historia\/","title":{"rendered":"Nuestra Historia"},"content":{"rendered":"\n<p class=\"wp-block-paragraph\">La finca ubicada en el coraz\u00f3n de Bot y propiedad de la familia Bosch-Llovet, se conoce como Cal Menescal. Seg\u00fan los datos existentes fue edificada a principios del siglo XIX por el antepasado Fuster, de profesi\u00f3n veterinario (&#8220;menescal&#8221; en catal\u00e1n antiguo), aunque bien podr\u00eda datarse de finales del siglo XVIII.<\/p>\n\n\n\n<p class=\"wp-block-paragraph\">La transformaci\u00f3n de la uva en vino, se remonta a antes de 1860. La existencia de una bota de 1600 litros de capacidad de esta antig\u00fcedad y que a\u00fan conservamos en la bodega, da fe de la tradici\u00f3n vitivin\u00edcola de nuestra familia.<\/p>\n\n\n\n<p class=\"wp-block-paragraph\">A finales del siglo pasado, peque\u00f1as bodegas de la zona deciden abandonar la pr\u00e1ctica de la elaboraci\u00f3n de vinos de mesa o de apoyo a vinos poco estructurados, para adentrarse en la vinificaci\u00f3n del fruto de las vi\u00f1as viejas y seleccionadas, consiguiendo vinos de gran calidad.<\/p>\n\n\n\n<p class=\"wp-block-paragraph\">Celler Menescal es tambi\u00e9n en este momento, finales del siglo XX, cuando comienza a cambiar y a mirar al futuro.<\/p>\n\n\n\n<p class=\"wp-block-paragraph\">En el a\u00f1o 2000, sacamos al mercado las primeras l\u00edneas de vinos de calidad, que fueron: Vall del Rac\u00f3 y Avus. A lo largo de estos a\u00f1os, hemos a\u00f1adido nuevas referencias comerciales y hemos cambiado la marca Vall del Rac\u00f3 dejando solo el t\u00e9rmino MENESCAL, que aglutina todos los productos y colecciones de nuestra bodega. <\/p>\n","protected":false},"excerpt":{"rendered":"<p>La finca ubicada en el coraz\u00f3n de Bot y propiedad de la familia Bosch-Llovet, se conoce como Cal Menescal. Seg\u00fan los datos existentes fue edificada a principios del siglo XIX por el antepasado Fuster, de profesi\u00f3n veterinario (&#8220;menescal&#8221; en catal\u00e1n antiguo), aunque bien podr\u00eda datarse de finales del siglo XVIII. La transformaci\u00f3n de la uva &hellip; <a href=\"https:\/\/cellermenescal.com\/en\/nuestra-historia\/\" class=\"more-link\">Continue reading <span class=\"screen-reader-text\">Nuestra Historia<\/span><\/a><\/p>\n","protected":false},"author":194617621,"featured_media":1148,"parent":0,"menu_order":1,"comment_status":"closed","ping_status":"closed","template":"full-width-page.php","meta":{"_coblocks_attr":"","_coblocks_dimensions":"","_coblocks_responsive_height":"","_coblocks_accordion_ie_support":"","_crdt_document":"","advanced_seo_description":"","jetpack_seo_html_title":"","jetpack_seo_noindex":false,"footnotes":""},"tags":[],"class_list":["post-1451","page","type-page","status-publish","has-post-thumbnail","hentry"],"jetpack_likes_enabled":true,"jetpack_sharing_enabled":true,"jetpack_shortlink":"https:\/\/wp.me\/Pcs7T2-np","amp_enabled":false,"_links":{"self":[{"href":"https:\/\/cellermenescal.com\/en\/wp-json\/wp\/v2\/pages\/1451","targetHints":{"allow":["GET"]}}],"collection":[{"href":"https:\/\/cellermenescal.com\/en\/wp-json\/wp\/v2\/pages"}],"about":[{"href":"https:\/\/cellermenescal.com\/en\/wp-json\/wp\/v2\/types\/page"}],"author":[{"embeddable":true,"href":"https:\/\/cellermenescal.com\/en\/wp-json\/wp\/v2\/users\/194617621"}],"replies":[{"embeddable":true,"href":"https:\/\/cellermenescal.com\/en\/wp-json\/wp\/v2\/comments?post=1451"}],"version-history":[{"count":0,"href":"https:\/\/cellermenescal.com\/en\/wp-json\/wp\/v2\/pages\/1451\/revisions"}],"wp:featuredmedia":[{"embeddable":true,"href":"https:\/\/cellermenescal.com\/en\/wp-json\/wp\/v2\/media\/1148"}],"wp:attachment":[{"href":"https:\/\/cellermenescal.com\/en\/wp-json\/wp\/v2\/media?parent=1451"}],"wp:term":[{"taxonomy":"post_tag","embeddable":true,"href":"https:\/\/cellermenescal.com\/en\/wp-json\/wp\/v2\/tags?post=1451"}],"curies":[{"name":"wp","href":"https:\/\/api.w.org\/{rel}","templated":true}]}}