{"id":986,"date":"2021-03-03T10:58:42","date_gmt":"2021-03-03T09:58:42","guid":{"rendered":"https:\/\/cellermenescal.com\/?post_type=product&#038;p=986"},"modified":"2021-03-10T09:19:57","modified_gmt":"2021-03-10T08:19:57","slug":"mas-menescal-blanc","status":"publish","type":"product","link":"https:\/\/cellermenescal.com\/ca\/producto\/mas-menescal-blanc\/","title":{"rendered":"MAS MENESCAL Blanc"},"content":{"rendered":"<p>Vi Jove, anyada 2020<\/p>\n<p>Procedent de vinyes de Garnatxa Blanca de 30 anys i baixa producci\u00f3. Veremada a m\u00e0 i manipulada delicadament per assegurar-ne les condicions \u00f2ptimes. Un cop al celler, es deixa macerar durant almenys 12i 18 hores i es d\u00f3na pas a un premsat suau.<br \/>\nNom\u00e9s s\u2019usen els propis llevats aut\u00f2ctons del ra\u00efm, desenvolupant una major diferenciaci\u00f3.<\/p>\n<p>NOTA DE TAST<br \/>\nColor blanc palla, l\u00edmpid, amb tonalitats verdoses i reflexos daurats. La garnatxa veremada aviat, li confereix tocs arom\u00e0tics m\u00e9s frescos on predominen la poma, pera i subtils notes florals. En boca, \u00e9s un vi fresc, afruitat, gol\u00f3s i volumin\u00f3s, de final llarg.<\/p>\n","protected":false},"excerpt":{"rendered":"<p>a\u00f1ada 2020<\/p>\n<p>Perfil de vino muy afrutado, fresco, con un final en boca goloso.<\/p>\n<p>Elaboraci\u00f3n convencional, buscando un perfil de vino moderno, fresco, afrutado, pero sin perder la peculiaridad de la garnacha.<\/p>\n","protected":false},"featured_media":446,"comment_status":"open","ping_status":"closed","template":"","meta":{"_coblocks_attr":"","_coblocks_dimensions":"","_coblocks_responsive_height":"","_coblocks_accordion_ie_support":"","_crdt_document":"","advanced_seo_description":"","jetpack_seo_html_title":"","jetpack_seo_noindex":false,"jetpack_publicize_message":"","jetpack_publicize_feature_enabled":true,"jetpack_social_post_already_shared":true,"jetpack_social_options":{"image_generator_settings":{"template":"highway","default_image_id":0,"font":"","enabled":false},"version":2},"_wpas_customize_per_network":false},"product_brand":[],"product_cat":[121946],"product_tag":[],"class_list":{"0":"post-986","1":"product","2":"type-product","3":"status-publish","4":"has-post-thumbnail","6":"product_cat-uncategorized","8":"first","9":"instock","10":"purchasable","11":"product-type-simple"},"jetpack_publicize_connections":[],"jetpack_likes_enabled":true,"jetpack_sharing_enabled":true,"_links":{"self":[{"href":"https:\/\/cellermenescal.com\/ca\/wp-json\/wp\/v2\/product\/986","targetHints":{"allow":["GET"]}}],"collection":[{"href":"https:\/\/cellermenescal.com\/ca\/wp-json\/wp\/v2\/product"}],"about":[{"href":"https:\/\/cellermenescal.com\/ca\/wp-json\/wp\/v2\/types\/product"}],"replies":[{"embeddable":true,"href":"https:\/\/cellermenescal.com\/ca\/wp-json\/wp\/v2\/comments?post=986"}],"wp:featuredmedia":[{"embeddable":true,"href":"https:\/\/cellermenescal.com\/ca\/wp-json\/wp\/v2\/media\/446"}],"wp:attachment":[{"href":"https:\/\/cellermenescal.com\/ca\/wp-json\/wp\/v2\/media?parent=986"}],"wp:term":[{"taxonomy":"product_brand","embeddable":true,"href":"https:\/\/cellermenescal.com\/ca\/wp-json\/wp\/v2\/product_brand?post=986"},{"taxonomy":"product_cat","embeddable":true,"href":"https:\/\/cellermenescal.com\/ca\/wp-json\/wp\/v2\/product_cat?post=986"},{"taxonomy":"product_tag","embeddable":true,"href":"https:\/\/cellermenescal.com\/ca\/wp-json\/wp\/v2\/product_tag?post=986"}],"curies":[{"name":"wp","href":"https:\/\/api.w.org\/{rel}","templated":true}]}}