{"id":970,"date":"2021-03-03T08:31:06","date_gmt":"2021-03-03T07:31:06","guid":{"rendered":"https:\/\/cellermenescal.com\/?post_type=product&#038;p=970"},"modified":"2022-03-11T11:18:14","modified_gmt":"2022-03-11T10:18:14","slug":"tast-en-familia","status":"publish","type":"product","link":"https:\/\/cellermenescal.com\/ca\/producto\/tast-en-familia\/","title":{"rendered":"TAST EN FAM\u00cdLIA"},"content":{"rendered":"<p>Busques una activitat per tota la fam\u00edlia? Tens nens i vols fer algo que us agradi a tots?<\/p>\n<p>Creus que no pots visitar el celler i tastar els vins amb\u00a0nens?<\/p>\n<p>Doncs \u00e9s super f\u00e0cil!\u00a0Al Celler Menescal estem preparats per a tot.<\/p>\n<p>Tenim preparades unes activitats molt sucoses i divertides per a qu\u00e8 tothom pugui xalar de valent. Podr\u00e0s pintar, con\u00e8ixer olors i sabors molt molt \u00a0familiars. El vi \u00e9s cultura i, en companyia dels menuts de casa \u00e9s, superguai!<\/p>\n<p>Coneixereu el nostre museu, aprendreu com es feia el vi i l&#8217;oli antigament i tastarem mostos i jugarem als aromes pares i fills.<\/p>\n<p>Mentre els fills pinten i dibuixen el que han viscut, els pares acabarem fent un tast de 6 productes d&#8217;elaboraci\u00f3 pr\u00f2pia.<\/p>\n<p>Nom\u00e9s cal que facis la teva reserva per mail al correu info<a href=\"mailto:enotur@cellermenescal.com?subject=reserva%20d%27activitat%20amb%20nens\">@cellermenescal.com<\/a>\u00a0i aix\u00ed et preparem l&#8217;espai i l&#8217;activitat per a quan ens visitis. T&#8217;esperem per xalar de valent.<\/p>\n<p>Activitat recomanada per tota la fam\u00edlia. En nens, recomanem un m\u00ednim de 4-5 anys.<\/p>\n<p>&nbsp;<\/p>\n<h2>Condicions<\/h2>\n<p style=\"margin: 12.0pt 0cm 12.0pt 0cm;\"><span style=\"font-size: 11.0pt; font-family: 'Arial','sans-serif'; color: #222222;\">Duraci\u00f3 activitat: 1,5\u00a0hores, aprox. Cal reserva pr\u00e8via. Preu adult, 10\u20ac, preu menor, 5\u20ac<\/span><\/p>\n","protected":false},"excerpt":{"rendered":"<p>Busques una activitat per tota la fam\u00edlia? Tens nens i vols fer algo que us agradi a tots? Creus que no pots visitar el celler i tastar els vins amb\u00a0nens? Doncs \u00e9s super f\u00e0cil!\u00a0Al Celler Menescal estem preparats per a tot. Tenim preparades unes activitats molt sucoses i divertides per a qu\u00e8 tothom pugui xalar &hellip; <a href=\"https:\/\/cellermenescal.com\/ca\/producto\/tast-en-familia\/\" class=\"more-link\">Continueu llegint <span class=\"screen-reader-text\">TAST EN FAM\u00cdLIA<\/span><\/a><\/p>\n","protected":false},"featured_media":1383,"comment_status":"open","ping_status":"closed","template":"","meta":{"_coblocks_attr":"","_coblocks_dimensions":"","_coblocks_responsive_height":"","_coblocks_accordion_ie_support":"","_crdt_document":"","advanced_seo_description":"","jetpack_seo_html_title":"","jetpack_seo_noindex":false,"jetpack_publicize_message":"","jetpack_publicize_feature_enabled":true,"jetpack_social_post_already_shared":true,"jetpack_social_options":{"image_generator_settings":{"template":"highway","default_image_id":0,"font":"","enabled":false},"version":2},"_wpas_customize_per_network":false},"product_brand":[],"product_cat":[121946],"product_tag":[],"class_list":{"0":"post-970","1":"product","2":"type-product","3":"status-publish","4":"has-post-thumbnail","6":"product_cat-uncategorized","7":"bookacti-activity","9":"first","10":"instock","11":"downloadable","12":"virtual","13":"purchasable","14":"product-type-simple"},"jetpack_publicize_connections":[],"jetpack_likes_enabled":true,"jetpack_sharing_enabled":true,"_links":{"self":[{"href":"https:\/\/cellermenescal.com\/ca\/wp-json\/wp\/v2\/product\/970","targetHints":{"allow":["GET"]}}],"collection":[{"href":"https:\/\/cellermenescal.com\/ca\/wp-json\/wp\/v2\/product"}],"about":[{"href":"https:\/\/cellermenescal.com\/ca\/wp-json\/wp\/v2\/types\/product"}],"replies":[{"embeddable":true,"href":"https:\/\/cellermenescal.com\/ca\/wp-json\/wp\/v2\/comments?post=970"}],"wp:featuredmedia":[{"embeddable":true,"href":"https:\/\/cellermenescal.com\/ca\/wp-json\/wp\/v2\/media\/1383"}],"wp:attachment":[{"href":"https:\/\/cellermenescal.com\/ca\/wp-json\/wp\/v2\/media?parent=970"}],"wp:term":[{"taxonomy":"product_brand","embeddable":true,"href":"https:\/\/cellermenescal.com\/ca\/wp-json\/wp\/v2\/product_brand?post=970"},{"taxonomy":"product_cat","embeddable":true,"href":"https:\/\/cellermenescal.com\/ca\/wp-json\/wp\/v2\/product_cat?post=970"},{"taxonomy":"product_tag","embeddable":true,"href":"https:\/\/cellermenescal.com\/ca\/wp-json\/wp\/v2\/product_tag?post=970"}],"curies":[{"name":"wp","href":"https:\/\/api.w.org\/{rel}","templated":true}]}}