{"id":6070,"date":"2024-04-24T19:59:31","date_gmt":"2024-04-24T17:59:31","guid":{"rendered":"https:\/\/cellermenescal.com\/producto\/oko-baix-blanc-2\/"},"modified":"2024-04-24T19:59:31","modified_gmt":"2024-04-24T17:59:31","slug":"oko-baix-blanc-2","status":"publish","type":"product","link":"https:\/\/cellermenescal.com\/ca\/producto\/oko-baix-blanc-2\/","title":{"rendered":"OKO BAIX Blanc"},"content":{"rendered":"<p>Ra\u00efms de vinyes de 30 anys amb baixa producci\u00f3. Es cull a m\u00e0 i es transporta amb petites caixes per garantir les millors condicions en la seva manipulaci\u00f3. Fermentat en acer inoxidable a temperatures molt baixes per assolir un vi m\u00e9s arom\u00e0tic. A les nostres vinificacions utilitzem els llevats &#8220;salvatges&#8221; del propi ra\u00efm per donar major diferenciaci\u00f3 i personalitat al vi.<\/p>\n<p>Vi jove, diferent, irreverent, divertit.<\/p>\n<p>Color blanc daurat. La Garnatxa, collida al punt \u00f2ptim de maduresa per donar la personalitat caracter\u00edstica de la varietat. complementa l&#8217;estructura, la for\u00e7a, la personalitat i els sabors de la Garnatxa, amb eleg\u00e0ncia, fruita i equilibri.<\/p>\n<p>Preferim no filtrar-la o aclarir-la per mantenir la seva personalitat intacta<\/p>\n","protected":false},"excerpt":{"rendered":"<p>Vi jove, diferent, irreverent, divertit.<\/p>\n<p>Color blanc daurat. La Garnatxa, collida al punt \u00f2ptim de maduresa per donar la personalitat caracter\u00edstica de la varietat. complementa l&#8217;estructura, la for\u00e7a, la personalitat i els sabors de la Garnatxa, amb eleg\u00e0ncia, fruita i equilibri.<\/p>\n<p>Preferim no filtrar-la o aclarir-la per mantenir la seva personalitat intacta<\/p>\n","protected":false},"featured_media":1345,"comment_status":"open","ping_status":"closed","template":"","meta":{"_coblocks_attr":"","_coblocks_dimensions":"","_coblocks_responsive_height":"","_coblocks_accordion_ie_support":"","_crdt_document":"","advanced_seo_description":"","jetpack_seo_html_title":"","jetpack_seo_noindex":false,"jetpack_publicize_message":"","jetpack_publicize_feature_enabled":true,"jetpack_social_post_already_shared":true,"jetpack_social_options":{"image_generator_settings":{"template":"highway","default_image_id":0,"font":"","enabled":false},"version":2},"_wpas_customize_per_network":false},"product_brand":[],"product_cat":[121991],"product_tag":[],"class_list":{"0":"post-6070","1":"product","2":"type-product","3":"status-publish","4":"has-post-thumbnail","6":"product_cat-blancs-ca","8":"first","9":"instock","10":"sale","11":"purchasable","12":"product-type-simple"},"jetpack_publicize_connections":[],"jetpack_likes_enabled":true,"jetpack_sharing_enabled":true,"_links":{"self":[{"href":"https:\/\/cellermenescal.com\/ca\/wp-json\/wp\/v2\/product\/6070","targetHints":{"allow":["GET"]}}],"collection":[{"href":"https:\/\/cellermenescal.com\/ca\/wp-json\/wp\/v2\/product"}],"about":[{"href":"https:\/\/cellermenescal.com\/ca\/wp-json\/wp\/v2\/types\/product"}],"replies":[{"embeddable":true,"href":"https:\/\/cellermenescal.com\/ca\/wp-json\/wp\/v2\/comments?post=6070"}],"wp:featuredmedia":[{"embeddable":true,"href":"https:\/\/cellermenescal.com\/ca\/wp-json\/wp\/v2\/media\/1345"}],"wp:attachment":[{"href":"https:\/\/cellermenescal.com\/ca\/wp-json\/wp\/v2\/media?parent=6070"}],"wp:term":[{"taxonomy":"product_brand","embeddable":true,"href":"https:\/\/cellermenescal.com\/ca\/wp-json\/wp\/v2\/product_brand?post=6070"},{"taxonomy":"product_cat","embeddable":true,"href":"https:\/\/cellermenescal.com\/ca\/wp-json\/wp\/v2\/product_cat?post=6070"},{"taxonomy":"product_tag","embeddable":true,"href":"https:\/\/cellermenescal.com\/ca\/wp-json\/wp\/v2\/product_tag?post=6070"}],"curies":[{"name":"wp","href":"https:\/\/api.w.org\/{rel}","templated":true}]}}