{"id":6063,"date":"2024-04-24T19:05:09","date_gmt":"2024-04-24T17:05:09","guid":{"rendered":"https:\/\/cellermenescal.com\/producto\/vi-ranci-sec\/"},"modified":"2024-04-24T19:05:09","modified_gmt":"2024-04-24T17:05:09","slug":"vi-ranci-sec","status":"publish","type":"product","link":"https:\/\/cellermenescal.com\/ca\/producto\/vi-ranci-sec\/","title":{"rendered":"VI RANCI Sec"},"content":{"rendered":"<p>. El vi ranci, \u00e9s un vi molt arrelat a les nostres terres Elaborat amb Garnatxa Blanca 100%, \u00e9s un vi d&#8217;alta graduaci\u00f3 que deixem envellir en b\u00f3tes velles de roure durant anys.<\/p>\n<p>En concret, aquest \u201cVI RANCI SEC\u201d, ha guardat rep\u00f2s en b\u00f3tes durant un m\u00ednim de 15 anys.<\/p>\n<p>Aquest proc\u00e9s d&#8217;envelliment fa que el color agafi tonalitats d&#8217;un daurat molt intens i les aromes evolucionin fins a notes de mel i especiades, envoltades de matisos torrats. En boca, intens i sec. Els matisos de la garnatxa llargament rovellada s&#8217;acompanyen per la intensitat de l&#8217;aroma que despr\u00e8n.<\/p>\n","protected":false},"excerpt":{"rendered":"<p>. El vi ranci, \u00e9s un vi molt arrelat a les nostres terres Elaborat amb Garnatxa Blanca 100%, \u00e9s un vi d&#8217;alta graduaci\u00f3 que deixem envellir en b\u00f3tes velles de roure durant anys.<\/p>\n","protected":false},"featured_media":1353,"comment_status":"open","ping_status":"closed","template":"","meta":{"_coblocks_attr":"","_coblocks_dimensions":"","_coblocks_responsive_height":"","_coblocks_accordion_ie_support":"","_crdt_document":"","advanced_seo_description":"","jetpack_seo_html_title":"","jetpack_seo_noindex":false,"jetpack_post_was_ever_published":false,"jetpack_publicize_message":"","jetpack_publicize_feature_enabled":true,"jetpack_social_post_already_shared":true,"jetpack_social_options":{"image_generator_settings":{"template":"highway","default_image_id":0,"font":"","enabled":false},"version":2},"_wpas_customize_per_network":false},"product_brand":[],"product_cat":[121877],"product_tag":[],"class_list":{"0":"post-6063","1":"product","2":"type-product","3":"status-publish","4":"has-post-thumbnail","6":"product_cat-especiales","8":"first","9":"instock","10":"purchasable","11":"product-type-simple"},"jetpack_publicize_connections":[],"jetpack_likes_enabled":true,"jetpack_sharing_enabled":true,"_links":{"self":[{"href":"https:\/\/cellermenescal.com\/ca\/wp-json\/wp\/v2\/product\/6063","targetHints":{"allow":["GET"]}}],"collection":[{"href":"https:\/\/cellermenescal.com\/ca\/wp-json\/wp\/v2\/product"}],"about":[{"href":"https:\/\/cellermenescal.com\/ca\/wp-json\/wp\/v2\/types\/product"}],"replies":[{"embeddable":true,"href":"https:\/\/cellermenescal.com\/ca\/wp-json\/wp\/v2\/comments?post=6063"}],"wp:featuredmedia":[{"embeddable":true,"href":"https:\/\/cellermenescal.com\/ca\/wp-json\/wp\/v2\/media\/1353"}],"wp:attachment":[{"href":"https:\/\/cellermenescal.com\/ca\/wp-json\/wp\/v2\/media?parent=6063"}],"wp:term":[{"taxonomy":"product_brand","embeddable":true,"href":"https:\/\/cellermenescal.com\/ca\/wp-json\/wp\/v2\/product_brand?post=6063"},{"taxonomy":"product_cat","embeddable":true,"href":"https:\/\/cellermenescal.com\/ca\/wp-json\/wp\/v2\/product_cat?post=6063"},{"taxonomy":"product_tag","embeddable":true,"href":"https:\/\/cellermenescal.com\/ca\/wp-json\/wp\/v2\/product_tag?post=6063"}],"curies":[{"name":"wp","href":"https:\/\/api.w.org\/{rel}","templated":true}]}}