{"id":6051,"date":"2024-04-24T17:37:06","date_gmt":"2024-04-24T15:37:06","guid":{"rendered":"https:\/\/cellermenescal.com\/producto\/ataronjat\/"},"modified":"2025-03-06T20:17:54","modified_gmt":"2025-03-06T19:17:54","slug":"ataronjat","status":"publish","type":"product","link":"https:\/\/cellermenescal.com\/ca\/producto\/ataronjat\/","title":{"rendered":"ATARONJAT"},"content":{"rendered":"<p><strong>Visualmente<\/strong>, fa honor al seu nom i destaca els seus tons ataronjats i una delicada terbolesa.<\/p>\n<p>En <strong>nas<\/strong>, t\u00e9 una complexitat extrema. Pell de taronja i aranja, llorer, clau, canyella, tomaquera, tocs de s\u00e0ndal i resina, aix\u00ed com records bals\u00e0mics.<\/p>\n<p>A la boca, fins i tot podria recordar certs vins de Jerez pels seus matisos oxidatius i t\u00e0nics. El postgust \u00e9s etern i la complexitat infinita.<\/p>\n<p>Amanides amb complicades vinagretes. Escabetx. Vegetals complexos o carns de qualsevol tipus. Formatges molt curats.<\/p>\n<p>Ens trobem davant d&#8217;un dels vins tremendament vers\u00e0tils per al maridatge.<\/p>\n","protected":false},"excerpt":{"rendered":"<p><strong>Visualmente<\/strong>, fa honor al seu nom i destaca els seus tons ataronjats i una delicada terbolesa.<\/p>\n<p>En <strong>nas<\/strong>, t\u00e9 una complexitat extrema. Pell de taronja i aranja, llorer, clau, canyella, tomaquera, tocs de s\u00e0ndal i resina, aix\u00ed com records bals\u00e0mics.<\/p>\n","protected":false},"featured_media":1319,"comment_status":"open","ping_status":"closed","template":"","meta":{"_coblocks_attr":"","_coblocks_dimensions":"","_coblocks_responsive_height":"","_coblocks_accordion_ie_support":"","_crdt_document":"","advanced_seo_description":"","jetpack_seo_html_title":"","jetpack_seo_noindex":false,"jetpack_post_was_ever_published":false,"jetpack_publicize_message":"","jetpack_publicize_feature_enabled":true,"jetpack_social_post_already_shared":true,"jetpack_social_options":{"image_generator_settings":{"template":"highway","default_image_id":0,"font":"","enabled":false},"version":2},"_wpas_customize_per_network":false},"product_brand":[],"product_cat":[121991],"product_tag":[],"class_list":{"0":"post-6051","1":"product","2":"type-product","3":"status-publish","4":"has-post-thumbnail","6":"product_cat-blancs-ca","8":"first","9":"instock","10":"purchasable","11":"product-type-simple"},"jetpack_publicize_connections":[],"jetpack_likes_enabled":true,"jetpack_sharing_enabled":true,"_links":{"self":[{"href":"https:\/\/cellermenescal.com\/ca\/wp-json\/wp\/v2\/product\/6051","targetHints":{"allow":["GET"]}}],"collection":[{"href":"https:\/\/cellermenescal.com\/ca\/wp-json\/wp\/v2\/product"}],"about":[{"href":"https:\/\/cellermenescal.com\/ca\/wp-json\/wp\/v2\/types\/product"}],"replies":[{"embeddable":true,"href":"https:\/\/cellermenescal.com\/ca\/wp-json\/wp\/v2\/comments?post=6051"}],"wp:featuredmedia":[{"embeddable":true,"href":"https:\/\/cellermenescal.com\/ca\/wp-json\/wp\/v2\/media\/1319"}],"wp:attachment":[{"href":"https:\/\/cellermenescal.com\/ca\/wp-json\/wp\/v2\/media?parent=6051"}],"wp:term":[{"taxonomy":"product_brand","embeddable":true,"href":"https:\/\/cellermenescal.com\/ca\/wp-json\/wp\/v2\/product_brand?post=6051"},{"taxonomy":"product_cat","embeddable":true,"href":"https:\/\/cellermenescal.com\/ca\/wp-json\/wp\/v2\/product_cat?post=6051"},{"taxonomy":"product_tag","embeddable":true,"href":"https:\/\/cellermenescal.com\/ca\/wp-json\/wp\/v2\/product_tag?post=6051"}],"curies":[{"name":"wp","href":"https:\/\/api.w.org\/{rel}","templated":true}]}}