{"id":6049,"date":"2024-04-24T17:16:10","date_gmt":"2024-04-24T15:16:10","guid":{"rendered":"https:\/\/cellermenescal.com\/producto\/de-nit-2\/"},"modified":"2024-04-24T19:52:42","modified_gmt":"2024-04-24T17:52:42","slug":"de-nit-2","status":"publish","type":"product","link":"https:\/\/cellermenescal.com\/ca\/producto\/de-nit-2\/","title":{"rendered":"DE NIT"},"content":{"rendered":"<p><strong>De Nit<\/strong> tamb\u00e9 s&#8217;elabora amb garnatxa blanca. En aquest cas se selecciona la finca m\u00e9s alta, a 450 metres, on trobem ceps de m\u00e9s de 85 anys sobre terra de panal.<\/p>\n<p>Rep el seu nom per la verema nocturna, ja que Josep, Yolanda i jo matexi recol\u00b7lectem tot just 750 quilos a les 04:00 hores de la matinada de manera totalment manual i que transportem en petites caixes refrigerades perqu\u00e8 no pugi la temperatura. Un cop arribats a el celler, desgranem un a un els grans a m\u00e0 tamb\u00e9 per aconseguir el resultat \u00f2ptim a la selecci\u00f3.<\/p>\n<p>Premsat directe, desfangat i fermentaci\u00f3 integra durant un mes en b\u00f3ta nova d&#8217;ac\u00e0cia de torrat mitj\u00e0. Cinc mesos d&#8217;envelliment a la b\u00f3ta amb batonage diari durant quatre mesos.<\/p>\n<p>Per la seva complexitat i estructura, \u00e9s ideal per a peixos grassos i fumats, arrossos de consist\u00e8ncia i carns blanques a la brasa.<\/p>\n<p>Clarificaci\u00f3 i filtraci\u00f3 molt suaus abans de l&#8217;embotellat al febrer.<\/p>\n","protected":false},"excerpt":{"rendered":"<p>Per la seva complexitat i estructura, \u00e9s ideal per a peixos grassos i fumats, arrossos de consist\u00e8ncia i carns blanques a la brasa.<\/p>\n","protected":false},"featured_media":1327,"comment_status":"open","ping_status":"closed","template":"","meta":{"_coblocks_attr":"","_coblocks_dimensions":"","_coblocks_responsive_height":"","_coblocks_accordion_ie_support":"","_crdt_document":"","advanced_seo_description":"","jetpack_seo_html_title":"","jetpack_seo_noindex":false,"jetpack_publicize_message":"","jetpack_publicize_feature_enabled":true,"jetpack_social_post_already_shared":true,"jetpack_social_options":{"image_generator_settings":{"template":"highway","default_image_id":0,"font":"","enabled":false},"version":2},"_wpas_customize_per_network":false},"product_brand":[],"product_cat":[121991],"product_tag":[],"class_list":{"0":"post-6049","1":"product","2":"type-product","3":"status-publish","4":"has-post-thumbnail","6":"product_cat-blancs-ca","8":"first","9":"outofstock","10":"purchasable","11":"product-type-simple"},"jetpack_publicize_connections":[],"jetpack_likes_enabled":true,"jetpack_sharing_enabled":true,"_links":{"self":[{"href":"https:\/\/cellermenescal.com\/ca\/wp-json\/wp\/v2\/product\/6049","targetHints":{"allow":["GET"]}}],"collection":[{"href":"https:\/\/cellermenescal.com\/ca\/wp-json\/wp\/v2\/product"}],"about":[{"href":"https:\/\/cellermenescal.com\/ca\/wp-json\/wp\/v2\/types\/product"}],"replies":[{"embeddable":true,"href":"https:\/\/cellermenescal.com\/ca\/wp-json\/wp\/v2\/comments?post=6049"}],"wp:featuredmedia":[{"embeddable":true,"href":"https:\/\/cellermenescal.com\/ca\/wp-json\/wp\/v2\/media\/1327"}],"wp:attachment":[{"href":"https:\/\/cellermenescal.com\/ca\/wp-json\/wp\/v2\/media?parent=6049"}],"wp:term":[{"taxonomy":"product_brand","embeddable":true,"href":"https:\/\/cellermenescal.com\/ca\/wp-json\/wp\/v2\/product_brand?post=6049"},{"taxonomy":"product_cat","embeddable":true,"href":"https:\/\/cellermenescal.com\/ca\/wp-json\/wp\/v2\/product_cat?post=6049"},{"taxonomy":"product_tag","embeddable":true,"href":"https:\/\/cellermenescal.com\/ca\/wp-json\/wp\/v2\/product_tag?post=6049"}],"curies":[{"name":"wp","href":"https:\/\/api.w.org\/{rel}","templated":true}]}}