{"id":5976,"date":"2024-04-14T13:20:21","date_gmt":"2024-04-14T11:20:21","guid":{"rendered":"https:\/\/cellermenescal.com\/producto\/balsam-de-vinagre-75cl-2\/"},"modified":"2024-04-14T13:22:12","modified_gmt":"2024-04-14T11:22:12","slug":"balsam-de-vinagre-75cl-2","status":"publish","type":"product","link":"https:\/\/cellermenescal.com\/ca\/producto\/balsam-de-vinagre-75cl-2\/","title":{"rendered":"B\u00c0LSAM DE VINAGRE 75cl"},"content":{"rendered":"<p>Un dels nostres productes m\u00e9s reconeguts Elaborat amb una f\u00f2rumula familiar, patentada. Amb un envelliment superior als 7 anys. Per a la seva elaboraci\u00f3, utilitzarem most de vi concentrat per ebullici\u00f3, vinagre tradicional envellit i madurat en barriques de roure i altres elements derivats del vi, d&#8217;elaboraci\u00f3 pr\u00f2pia.<\/p>\n","protected":false},"excerpt":{"rendered":"<p>Un dels nostres productes m\u00e9s reconeguts Elaborat amb una f\u00f2rumula familiar, patentada. Amb un envelliment superior als 7 anys. Per a la seva elaboraci\u00f3, utilitzarem most de vi concentrat per ebullici\u00f3, vinagre tradicional envellit i madurat en barriques de roure i altres elements derivats del vi, d&#8217;elaboraci\u00f3 pr\u00f2pia.<\/p>\n","protected":false},"featured_media":1399,"comment_status":"open","ping_status":"closed","template":"","meta":{"_coblocks_attr":"","_coblocks_dimensions":"","_coblocks_responsive_height":"","_coblocks_accordion_ie_support":"","_crdt_document":"","advanced_seo_description":"","jetpack_seo_html_title":"","jetpack_seo_noindex":false,"jetpack_publicize_message":"","jetpack_publicize_feature_enabled":true,"jetpack_social_post_already_shared":true,"jetpack_social_options":{"image_generator_settings":{"template":"highway","default_image_id":0,"font":"","enabled":false},"version":2},"_wpas_customize_per_network":false},"product_brand":[],"product_cat":[121946],"product_tag":[],"class_list":{"0":"post-5976","1":"product","2":"type-product","3":"status-publish","4":"has-post-thumbnail","6":"product_cat-uncategorized","8":"first","9":"instock","10":"purchasable","11":"product-type-simple"},"jetpack_publicize_connections":[],"jetpack_likes_enabled":true,"jetpack_sharing_enabled":true,"_links":{"self":[{"href":"https:\/\/cellermenescal.com\/ca\/wp-json\/wp\/v2\/product\/5976","targetHints":{"allow":["GET"]}}],"collection":[{"href":"https:\/\/cellermenescal.com\/ca\/wp-json\/wp\/v2\/product"}],"about":[{"href":"https:\/\/cellermenescal.com\/ca\/wp-json\/wp\/v2\/types\/product"}],"replies":[{"embeddable":true,"href":"https:\/\/cellermenescal.com\/ca\/wp-json\/wp\/v2\/comments?post=5976"}],"wp:featuredmedia":[{"embeddable":true,"href":"https:\/\/cellermenescal.com\/ca\/wp-json\/wp\/v2\/media\/1399"}],"wp:attachment":[{"href":"https:\/\/cellermenescal.com\/ca\/wp-json\/wp\/v2\/media?parent=5976"}],"wp:term":[{"taxonomy":"product_brand","embeddable":true,"href":"https:\/\/cellermenescal.com\/ca\/wp-json\/wp\/v2\/product_brand?post=5976"},{"taxonomy":"product_cat","embeddable":true,"href":"https:\/\/cellermenescal.com\/ca\/wp-json\/wp\/v2\/product_cat?post=5976"},{"taxonomy":"product_tag","embeddable":true,"href":"https:\/\/cellermenescal.com\/ca\/wp-json\/wp\/v2\/product_tag?post=5976"}],"curies":[{"name":"wp","href":"https:\/\/api.w.org\/{rel}","templated":true}]}}