{"id":1025,"date":"2021-03-04T08:44:06","date_gmt":"2021-03-04T07:44:06","guid":{"rendered":"https:\/\/cellermenescal.com\/?post_type=product&#038;p=1025"},"modified":"2023-05-03T17:04:01","modified_gmt":"2023-05-03T15:04:01","slug":"passeig-per-les-vinyes-copia","status":"publish","type":"product","link":"https:\/\/cellermenescal.com\/ca\/producto\/passeig-per-les-vinyes-copia\/","title":{"rendered":"PASSEIG PER LES VINYES"},"content":{"rendered":"<p>Visita a les vinyes, instal\u00b7lacions, museu rural i degustaci\u00f3 de vins.<\/p>\n<p>Comen\u00e7arem per una visita a les vinyes m\u00e9s velles i m\u00e9s joves propietat del celler. Les m\u00e9s velles tenen una antiguitat de 75 anys, reservades exclusivament per un dels nostres vins m\u00e9s emblem\u00e0tics. Veureu com cultivem les vinyes i els diferents tipus de cultiu adaptats.<\/p>\n<p>Un cop hem caminat per la natura, farem un recorregut per les sales museu i les noves instal\u00b7lacions del celler. Durant aquesta, us explicarem com treballaven i elaboraven antigament els vins i com ho fem actualment.<\/p>\n<p>Ja plenament impregnats de l&#8217;ess\u00e8ncia de el vi, acabarem l&#8217;activitat fent un tast d&#8217;alguns dels nostres millors productes (m\u00ednim 5 productes).<\/p>\n<p>Durada de l&#8217;activitat: 2,5 hores.<\/p>\n<h2>Inclou:<\/h2>\n<ul>\n<li>Passeig per les vinyes<\/li>\n<li>Visita guiada a les dues sales museu<\/li>\n<li>Tast complet (5 productes)<\/li>\n<li>Aperitiu<\/li>\n<\/ul>\n<h2>Condicions<\/h2>\n<p>&nbsp;<\/p>\n<p>Preu per adult: 25 \u20ac (iva incl\u00f2s)<\/p>\n<p>Reserva: S\u00ed (via telef\u00f2nica o e-mail)<\/p>\n","protected":false},"excerpt":{"rendered":"<p>Visita a les vinyes, instal\u00b7lacions, museu rural i degustaci\u00f3 de vins. Comen\u00e7arem per una visita a les vinyes m\u00e9s velles i m\u00e9s joves propietat del celler. Les m\u00e9s velles tenen una antiguitat de 75 anys, reservades exclusivament per un dels nostres vins m\u00e9s emblem\u00e0tics. Veureu com cultivem les vinyes i els diferents tipus de cultiu &hellip; <a href=\"https:\/\/cellermenescal.com\/ca\/producto\/passeig-per-les-vinyes-copia\/\" class=\"more-link\">Continueu llegint <span class=\"screen-reader-text\">PASSEIG PER LES VINYES<\/span><\/a><\/p>\n","protected":false},"featured_media":1393,"comment_status":"open","ping_status":"closed","template":"","meta":{"_coblocks_attr":"","_coblocks_dimensions":"","_coblocks_responsive_height":"","_coblocks_accordion_ie_support":"","_crdt_document":"","advanced_seo_description":"","jetpack_seo_html_title":"","jetpack_seo_noindex":false,"jetpack_publicize_message":"","jetpack_publicize_feature_enabled":true,"jetpack_social_post_already_shared":true,"jetpack_social_options":{"image_generator_settings":{"template":"highway","default_image_id":0,"font":"","enabled":false},"version":2},"_wpas_customize_per_network":false},"product_brand":[],"product_cat":[121946],"product_tag":[],"class_list":{"0":"post-1025","1":"product","2":"type-product","3":"status-publish","4":"has-post-thumbnail","6":"product_cat-uncategorized","7":"bookacti-activity","9":"first","10":"instock","11":"downloadable","12":"virtual","13":"purchasable","14":"product-type-simple"},"jetpack_publicize_connections":[],"jetpack_likes_enabled":true,"jetpack_sharing_enabled":true,"_links":{"self":[{"href":"https:\/\/cellermenescal.com\/ca\/wp-json\/wp\/v2\/product\/1025","targetHints":{"allow":["GET"]}}],"collection":[{"href":"https:\/\/cellermenescal.com\/ca\/wp-json\/wp\/v2\/product"}],"about":[{"href":"https:\/\/cellermenescal.com\/ca\/wp-json\/wp\/v2\/types\/product"}],"replies":[{"embeddable":true,"href":"https:\/\/cellermenescal.com\/ca\/wp-json\/wp\/v2\/comments?post=1025"}],"wp:featuredmedia":[{"embeddable":true,"href":"https:\/\/cellermenescal.com\/ca\/wp-json\/wp\/v2\/media\/1393"}],"wp:attachment":[{"href":"https:\/\/cellermenescal.com\/ca\/wp-json\/wp\/v2\/media?parent=1025"}],"wp:term":[{"taxonomy":"product_brand","embeddable":true,"href":"https:\/\/cellermenescal.com\/ca\/wp-json\/wp\/v2\/product_brand?post=1025"},{"taxonomy":"product_cat","embeddable":true,"href":"https:\/\/cellermenescal.com\/ca\/wp-json\/wp\/v2\/product_cat?post=1025"},{"taxonomy":"product_tag","embeddable":true,"href":"https:\/\/cellermenescal.com\/ca\/wp-json\/wp\/v2\/product_tag?post=1025"}],"curies":[{"name":"wp","href":"https:\/\/api.w.org\/{rel}","templated":true}]}}