{"id":661,"date":"2021-01-23T19:27:56","date_gmt":"2021-01-23T18:27:56","guid":{"rendered":"https:\/\/cellermenescal.com\/?page_id=661"},"modified":"2025-10-16T17:37:19","modified_gmt":"2025-10-16T15:37:19","slug":"tastos","status":"publish","type":"page","link":"https:\/\/cellermenescal.com\/ca\/tastos\/","title":{"rendered":"Tastos"},"content":{"rendered":"\n<p class=\"has-large-font-size wp-block-paragraph\">TAST B\u00c0SIC<\/p>\n\n\n\n<p class=\"wp-block-paragraph\">Coneix els nostres vins m\u00e9s f\u00e0cils i divertits.&nbsp;Tastar\u00e0s&nbsp;4 dels nostres vins.<\/p>\n\n\n\n<p class=\"has-medium-font-size wp-block-paragraph\"><span style=\"text-decoration:underline;\">CONDICIONS DEL TAST B\u00c0SIC<\/span><\/p>\n\n\n\n<p class=\"wp-block-paragraph\">DURADA: 1\/2&nbsp;hora&nbsp;aproximadament <\/p>\n\n\n\n<p class=\"wp-block-paragraph\">M\u00cdNIM: 1 persona<\/p>\n\n\n\n<p class=\"has-normal-font-size wp-block-paragraph\">PREU PER PERSONA: 7 \u20ac  (Es pot acompanyar amb una \u00e0mplia selecci\u00f3 d&#8217;aperitius)<\/p>\n\n\n\n<p class=\"wp-block-paragraph\">RESERVA: sense reserva pr\u00e8via, per\u00f2 subjecte a la disponibilitat del&nbsp;celler.<\/p>\n\n\n\n<figure class=\"wp-block-image\"><img data-recalc-dims=\"1\" decoding=\"async\" src=\"https:\/\/i0.wp.com\/static.elcorreo.com\/www\/multimedia\/201910\/18\/media\/cortadas\/portadavinos-kBND-U90441207892woE-624x385%40El%20Correo.jpg?w=900&#038;ssl=1\" alt=\"Una cata de vinos singulares | El Correo\"\/><\/figure>\n\n\n\n<p class=\"wp-block-paragraph\">__________________________________________________________________________________<\/p>\n\n\n\n<p class=\"has-large-font-size wp-block-paragraph\">TAST COMPLET<\/p>\n\n\n\n<p class=\"wp-block-paragraph\">Coneix la difer\u00e8ncia entre elaboracions convencionals, intervenci\u00f3 m\u00ednima i versatilitat de la mateixa varietat.&nbsp;Tastar\u00e0s&nbsp;8 dels&nbsp;nostres&nbsp;vins.<\/p>\n\n\n\n<p class=\"has-medium-font-size wp-block-paragraph\"><span style=\"text-decoration:underline;\">CONDICIONS DEL TAST COMPLET<\/span><\/p>\n\n\n\n<p class=\"wp-block-paragraph\">DURADA: 1 hora aproximadament<\/p>\n\n\n\n<p class=\"wp-block-paragraph\">M\u00cdNIM: 1 persona<\/p>\n\n\n\n<p class=\"has-normal-font-size wp-block-paragraph\">PREU PER PERSONA: 10<strong> \u20ac<\/strong> (Es pot acompanyar amb una \u00e0mplia selecci\u00f3 d&#8217;aperitius)<\/p>\n\n\n\n<p class=\"wp-block-paragraph\">RESERVA: reserva&nbsp;pr\u00e8via. <\/p>\n\n\n\n<figure class=\"wp-block-image\"><img data-recalc-dims=\"1\" decoding=\"async\" src=\"https:\/\/i0.wp.com\/www.planetajoy.com\/upload\/image\/673x6731410373937_semana_del_vino.jpg?w=900&#038;ssl=1\" alt=\"La Semana del Vino: siete d\u00edas a pura cata - Planeta JOY\"\/><\/figure>\n\n\n\n<p class=\"wp-block-paragraph\">__________________________________________________________________________________<\/p>\n\n\n\n<p style=\"font-weight:normal;font-size:40px\" class=\"has-custom-weight wp-block-paragraph\">TAST PREMIUM<\/p>\n\n\n\n<p class=\"wp-block-paragraph\">Coneix la difer\u00e8ncia entre elaboracions convencionals, intervenci\u00f3 m\u00ednima i la versatilitat de la mateixa varietat. Tastareu 6 dels nostres vins (QUATRE d&#8217;ells d&#8217;elaboraci\u00f3 superlimitada) i per acabar, tast sorpresa del nostre producte estrella.<\/p>\n\n\n\n<p class=\"wp-block-paragraph\"><\/p>\n\n\n\n<p class=\"has-medium-font-size wp-block-paragraph\"><span style=\"text-decoration:underline;\">CONDICIONS DEL TAST PREMIUM<\/span><\/p>\n\n\n\n<p class=\"wp-block-paragraph\">DURADA: 1,5 hores aproximadament<\/p>\n\n\n\n<p class=\"wp-block-paragraph\">M\u00cdNIM: 2 persones<\/p>\n\n\n\n<p class=\"wp-block-paragraph\">PREU PER PERSONA: <strong>14\u20ac<\/strong>  (Es pot acompanyar amb una \u00e0mplia selecci\u00f3 d&#8217;aperitius)<\/p>\n\n\n\n<p class=\"has-large-font-size wp-block-paragraph\">TAST GARNATXES EXPERIMENTALS<\/p>\n\n\n\n<p class=\"wp-block-paragraph\">Aquest tast est\u00e0 dirigit a aquells que volen con\u00e8ixer la versatilitat de les garnatxes en&nbsp;micro vinificacions&nbsp;experimentals que van de les 100 a les 600 ampolles anuals i que s\u00f3n&nbsp;del&nbsp;tot in\u00e8dites<\/p>\n\n\n\n<p class=\"wp-block-paragraph\">Vins sense crian\u00e7a i amb crian\u00e7a en \u00e0mfores de fang, treballs en fustes&nbsp;diferents del&nbsp;roure, vins&nbsp;brisats&nbsp;\u200b\u200bi rancis. Sens dubte \u00e9s una experi\u00e8ncia \u00fanica i, segurament, irrepetible.<\/p>\n\n\n\n<p class=\"wp-block-paragraph\">Acompanyarem el tast amb un aperitiu.<\/p>\n\n\n\n<p class=\"has-medium-font-size wp-block-paragraph\"><span style=\"text-decoration:underline;\">CONDICIONS DEL TAST GARNATXES EXPERIMENTALS<\/span><\/p>\n\n\n\n<p class=\"wp-block-paragraph\">DURADA: 1,5 hores aproximadament<\/p>\n\n\n\n<p class=\"wp-block-paragraph\">M\u00cdNIM: 2 persones<\/p>\n\n\n\n<p class=\"has-normal-font-size wp-block-paragraph\">PREU PER PERSONA: <strong>14\u20ac<\/strong>  (Es pot acompanyar amb una \u00e0mplia selecci\u00f3 d&#8217;aperitius)<\/p>\n\n\n\n<p class=\"wp-block-paragraph\">RESERVA: imprescindible reserva&nbsp;pr\u00e8via<\/p>\n\n\n\n<figure class=\"wp-block-image\"><img data-recalc-dims=\"1\" decoding=\"async\" src=\"https:\/\/i0.wp.com\/www.excelenciasgourmet.com\/sites\/default\/files\/styles\/slideshow_large\/public\/sites\/default\/files\/es\/imagenes_noticias\/vinos.jpg?w=900&#038;ssl=1\" alt=\"La familia de los vinos | Excelencias Gourmet\"\/><\/figure>\n\n\n\n<p class=\"wp-block-paragraph\">__________________________________________________________________________________<\/p>\n\n\n\n<p class=\"has-large-font-size wp-block-paragraph\">ALTRES&nbsp;TASTOS<\/p>\n\n\n\n<p class=\"has-medium-font-size wp-block-paragraph\">Tast de Formatges Artesans i Vins<\/p>\n\n\n\n<p class=\"has-medium-font-size wp-block-paragraph\">Tast d&#8217;Olis de la&nbsp;DOP&nbsp;Terra Alta<\/p>\n\n\n\n<p class=\"has-medium-font-size wp-block-paragraph\">Tast de Vinagres<\/p>\n\n\n\n<p class=\"wp-block-paragraph\">Consulta disponibilitat i preus a trav\u00e9s de la nostra p\u00e0gina de&nbsp;<a href=\"https:\/\/cellermenescal.com\/contact\/\">contacte<\/a><\/p>\n\n\n\n<figure class=\"wp-block-image size-large\"><img data-recalc-dims=\"1\" loading=\"lazy\" decoding=\"async\" width=\"784\" height=\"192\" src=\"https:\/\/i0.wp.com\/cellermenescal.com\/wp-content\/uploads\/2020\/10\/covid-menescal.png?resize=784%2C192&#038;ssl=1\" alt=\"\" class=\"wp-image-412\"\/><\/figure>\n","protected":false},"excerpt":{"rendered":"<p>TAST B\u00c0SIC Coneix els nostres vins m\u00e9s f\u00e0cils i divertits.&nbsp;Tastar\u00e0s&nbsp;4 dels nostres vins. CONDICIONS DEL TAST B\u00c0SIC DURADA: 1\/2&nbsp;hora&nbsp;aproximadament M\u00cdNIM: 1 persona PREU PER PERSONA: 7 \u20ac (Es pot acompanyar amb una \u00e0mplia selecci\u00f3 d&#8217;aperitius) RESERVA: sense reserva pr\u00e8via, per\u00f2 subjecte a la disponibilitat del&nbsp;celler. __________________________________________________________________________________ TAST COMPLET Coneix la difer\u00e8ncia entre elaboracions convencionals, intervenci\u00f3 &hellip; <a href=\"https:\/\/cellermenescal.com\/ca\/tastos\/\" class=\"more-link\">Continueu llegint <span class=\"screen-reader-text\">Tastos<\/span><\/a><\/p>\n","protected":false},"author":194617621,"featured_media":288,"parent":0,"menu_order":0,"comment_status":"closed","ping_status":"closed","template":"full-width-page.php","meta":{"_coblocks_attr":"","_coblocks_dimensions":"","_coblocks_responsive_height":"","_coblocks_accordion_ie_support":"","_crdt_document":"","advanced_seo_description":"","jetpack_seo_html_title":"","jetpack_seo_noindex":false,"footnotes":""},"tags":[],"class_list":["post-661","page","type-page","status-publish","has-post-thumbnail","hentry"],"jetpack_likes_enabled":true,"jetpack_sharing_enabled":true,"jetpack_shortlink":"https:\/\/wp.me\/Pcs7T2-aF","amp_enabled":false,"_links":{"self":[{"href":"https:\/\/cellermenescal.com\/ca\/wp-json\/wp\/v2\/pages\/661","targetHints":{"allow":["GET"]}}],"collection":[{"href":"https:\/\/cellermenescal.com\/ca\/wp-json\/wp\/v2\/pages"}],"about":[{"href":"https:\/\/cellermenescal.com\/ca\/wp-json\/wp\/v2\/types\/page"}],"author":[{"embeddable":true,"href":"https:\/\/cellermenescal.com\/ca\/wp-json\/wp\/v2\/users\/194617621"}],"replies":[{"embeddable":true,"href":"https:\/\/cellermenescal.com\/ca\/wp-json\/wp\/v2\/comments?post=661"}],"version-history":[{"count":8,"href":"https:\/\/cellermenescal.com\/ca\/wp-json\/wp\/v2\/pages\/661\/revisions"}],"predecessor-version":[{"id":10986,"href":"https:\/\/cellermenescal.com\/ca\/wp-json\/wp\/v2\/pages\/661\/revisions\/10986"}],"wp:featuredmedia":[{"embeddable":true,"href":"https:\/\/cellermenescal.com\/ca\/wp-json\/wp\/v2\/media\/288"}],"wp:attachment":[{"href":"https:\/\/cellermenescal.com\/ca\/wp-json\/wp\/v2\/media?parent=661"}],"wp:term":[{"taxonomy":"post_tag","embeddable":true,"href":"https:\/\/cellermenescal.com\/ca\/wp-json\/wp\/v2\/tags?post=661"}],"curies":[{"name":"wp","href":"https:\/\/api.w.org\/{rel}","templated":true}]}}