{"id":653,"date":"2021-01-23T19:24:16","date_gmt":"2021-01-23T18:24:16","guid":{"rendered":"https:\/\/cellermenescal.com\/?page_id=653"},"modified":"2021-03-09T11:14:24","modified_gmt":"2021-03-09T10:14:24","slug":"la-terra-alta-2","status":"publish","type":"page","link":"https:\/\/cellermenescal.com\/ca\/la-terra-alta-2\/","title":{"rendered":"La Terra Alta"},"content":{"rendered":"\n<p class=\"wp-block-paragraph\">La \u00abTerra Alta\u00bb \u00e9s la regi\u00f3 vitivin\u00edcola m\u00e9s meridional de Catalunya, de tradici\u00f3 mediterr\u00e0nia i amb una hist\u00f2ria mil\u00b7len\u00e0ria. Est\u00e0 situada a&nbsp;sud-oest&nbsp;de Catalunya, entre el riu Ebre i la frontera amb terres aragoneses. Dels seus paisatges&nbsp;destaquen les serres calc\u00e0ries del Port d&#8217;Horta, la Serra de&nbsp;P\u00e0ndols&nbsp;i la Serra de Cavalls. Aquestes formacions expliquen gran part de les particularitats del terrer&nbsp;i s\u00f3n l&#8217;origen de les dues unitats de paisatge amb vocaci\u00f3 vitivin\u00edcola: la Plana i l&#8217;Altipl\u00e0. L&#8217;altitud sobre el nivell de la mar d&#8217;aquestes terres de cultiu est\u00e0 compresa entre els 350 i els 500 metres, de manera que el nom \u00abTerra Alta\u00bb \u00fanicament b\u00e9 donat per la perspectiva que s&#8217;obt\u00e9 de la regi\u00f3 des de la depressi\u00f3 del riu Ebre.<\/p>\n\n\n\n<p class=\"wp-block-paragraph\">La Terra Alta va aconseguir el reconeixement p\u00fablic mitjan\u00e7ant el distintiu de Denominaci\u00f3 d&#8217;Origen (DO) oficialment&nbsp;el maig&nbsp;de 1982, despr\u00e9s de deu anys de provisionalitat.<\/p>\n\n\n\n<p class=\"wp-block-paragraph\">El conjunt de particularitats i valors associats a la DO \u00abTerra Alta\u00bb donen com a resultat una regi\u00f3 vitivin\u00edcola aut\u00e8ntica, on la terra, la vinya, el vi i la seva gent es converteixen en un gran atractiu tur\u00edstic.<\/p>\n\n\n\n<div class=\"wp-block-image\"><figure class=\"aligncenter\"><img data-recalc-dims=\"1\" decoding=\"async\" src=\"https:\/\/i0.wp.com\/www.cellermenescal.com\/media\/cache\/imatge620x220\/uploads\/images\/inici\/terraalta.jpg?w=900&#038;ssl=1\" alt=\"\" title=\"\"\/><\/figure><\/div>\n\n\n\n<p class=\"wp-block-paragraph\">Visita la web de la <a href=\"https:\/\/www.doterraalta.com\/\">Denominaci\u00f3 d&#8217;Origen Terra Alta<\/a><\/p>\n\n\n\n<p class=\"has-small-font-size wp-block-paragraph\">Foto de cabecera de la DOTA<\/p>\n","protected":false},"excerpt":{"rendered":"<p>La \u00abTerra Alta\u00bb \u00e9s la regi\u00f3 vitivin\u00edcola m\u00e9s meridional de Catalunya, de tradici\u00f3 mediterr\u00e0nia i amb una hist\u00f2ria mil\u00b7len\u00e0ria. Est\u00e0 situada a&nbsp;sud-oest&nbsp;de Catalunya, entre el riu Ebre i la frontera amb terres aragoneses. Dels seus paisatges&nbsp;destaquen les serres calc\u00e0ries del Port d&#8217;Horta, la Serra de&nbsp;P\u00e0ndols&nbsp;i la Serra de Cavalls. Aquestes formacions expliquen gran part de &hellip; <a href=\"https:\/\/cellermenescal.com\/ca\/la-terra-alta-2\/\" class=\"more-link\">Continueu llegint <span class=\"screen-reader-text\">La Terra Alta<\/span><\/a><\/p>\n","protected":false},"author":194617621,"featured_media":240,"parent":0,"menu_order":0,"comment_status":"closed","ping_status":"closed","template":"full-width-page.php","meta":{"_coblocks_attr":"","_coblocks_dimensions":"","_coblocks_responsive_height":"","_coblocks_accordion_ie_support":"","_crdt_document":"","advanced_seo_description":"","jetpack_seo_html_title":"","jetpack_seo_noindex":false,"footnotes":""},"tags":[],"class_list":["post-653","page","type-page","status-publish","has-post-thumbnail","hentry"],"jetpack_likes_enabled":true,"jetpack_sharing_enabled":true,"jetpack_shortlink":"https:\/\/wp.me\/Pcs7T2-ax","amp_enabled":false,"_links":{"self":[{"href":"https:\/\/cellermenescal.com\/ca\/wp-json\/wp\/v2\/pages\/653","targetHints":{"allow":["GET"]}}],"collection":[{"href":"https:\/\/cellermenescal.com\/ca\/wp-json\/wp\/v2\/pages"}],"about":[{"href":"https:\/\/cellermenescal.com\/ca\/wp-json\/wp\/v2\/types\/page"}],"author":[{"embeddable":true,"href":"https:\/\/cellermenescal.com\/ca\/wp-json\/wp\/v2\/users\/194617621"}],"replies":[{"embeddable":true,"href":"https:\/\/cellermenescal.com\/ca\/wp-json\/wp\/v2\/comments?post=653"}],"version-history":[{"count":4,"href":"https:\/\/cellermenescal.com\/ca\/wp-json\/wp\/v2\/pages\/653\/revisions"}],"predecessor-version":[{"id":1124,"href":"https:\/\/cellermenescal.com\/ca\/wp-json\/wp\/v2\/pages\/653\/revisions\/1124"}],"wp:featuredmedia":[{"embeddable":true,"href":"https:\/\/cellermenescal.com\/ca\/wp-json\/wp\/v2\/media\/240"}],"wp:attachment":[{"href":"https:\/\/cellermenescal.com\/ca\/wp-json\/wp\/v2\/media?parent=653"}],"wp:term":[{"taxonomy":"post_tag","embeddable":true,"href":"https:\/\/cellermenescal.com\/ca\/wp-json\/wp\/v2\/tags?post=653"}],"curies":[{"name":"wp","href":"https:\/\/api.w.org\/{rel}","templated":true}]}}