{"id":636,"date":"2021-01-23T19:17:27","date_gmt":"2021-01-23T18:17:27","guid":{"rendered":"https:\/\/cellermenescal.com\/?page_id=636"},"modified":"2021-01-26T08:45:26","modified_gmt":"2021-01-26T07:45:26","slug":"fem-menescal","status":"publish","type":"page","link":"https:\/\/cellermenescal.com\/ca\/fem-menescal\/","title":{"rendered":"Fem Menescal"},"content":{"rendered":"\n<div style=\"height:20px\" aria-hidden=\"true\" class=\"wp-block-spacer\"><\/div>\n\n\n\n<div class=\"wp-block-group alignfull\"><div class=\"wp-block-group__inner-container is-layout-flow wp-block-group-is-layout-flow\">\n<div class=\"wp-block-jetpack-layout-grid alignfull column1-desktop-grid__span-4 column1-desktop-grid__row-1 column2-desktop-grid__span-6 column2-desktop-grid__start-5 column2-desktop-grid__row-1 column1-tablet-grid__span-3 column1-tablet-grid__row-1 column2-tablet-grid__span-5 column2-tablet-grid__start-4 column2-tablet-grid__row-1 column1-mobile-grid__span-4 column1-mobile-grid__row-1 column2-mobile-grid__span-4 column2-mobile-grid__row-2\">\n<div class=\"wp-block-jetpack-layout-grid-column wp-block-jetpack-layout-grid__padding-none\">\n<figure class=\"wp-block-image size-large is-resized is-style-circle-mask is-style-default\"><img data-recalc-dims=\"1\" loading=\"lazy\" decoding=\"async\" src=\"https:\/\/i0.wp.com\/cellermenescal.com\/wp-content\/uploads\/2020\/10\/solo-bosch-1.png?resize=300%2C300&#038;ssl=1\" alt=\"\" class=\"wp-image-92\" width=\"300\" height=\"300\"\/><\/figure>\n<\/div>\n\n\n\n<div class=\"wp-block-jetpack-layout-grid-column wp-block-jetpack-layout-grid__padding-none is-vertically-aligned-bottom\">\n<h2 class=\"wp-block-heading\">Josep Bosch<\/h2>\n\n\n\n<p class=\"wp-block-paragraph\">En\u00f2leg\u00a0i propietari del celler, s&#8217;encarrega de la direcci\u00f3 t\u00e8cnica, aix\u00ed com de les tasques de viticultura, donant-li especial atenci\u00f3 a aquesta\u00a0\u00faltima, ja que\u00a0al Celler Menescal pensem que el vi es fa des de la vinya.<\/p>\n<\/div>\n<\/div>\n\n\n\n<div class=\"wp-block-jetpack-layout-grid alignfull column1-desktop-grid__span-4 column1-desktop-grid__row-1 column2-desktop-grid__span-6 column2-desktop-grid__start-5 column2-desktop-grid__row-1 column1-tablet-grid__span-3 column1-tablet-grid__row-1 column2-tablet-grid__span-5 column2-tablet-grid__start-4 column2-tablet-grid__row-1 column1-mobile-grid__span-4 column1-mobile-grid__row-1 column2-mobile-grid__span-4 column2-mobile-grid__row-2\">\n<div class=\"wp-block-jetpack-layout-grid-column wp-block-jetpack-layout-grid__padding-none\">\n<figure class=\"wp-block-image size-large is-resized is-style-circle-mask is-style-default\"><img data-recalc-dims=\"1\" loading=\"lazy\" decoding=\"async\" src=\"https:\/\/i0.wp.com\/cellermenescal.com\/wp-content\/uploads\/2020\/10\/solo-campo.png?resize=300%2C300&#038;ssl=1\" alt=\"\" class=\"wp-image-95\" width=\"300\" height=\"300\"\/><\/figure>\n<\/div>\n\n\n\n<div class=\"wp-block-jetpack-layout-grid-column wp-block-jetpack-layout-grid__padding-none is-vertically-aligned-bottom\">\n<h2 class=\"wp-block-heading\">Xavier Campo<\/h2>\n\n\n\n<p class=\"wp-block-paragraph\">Sommelier i assessor del celler, s&#8217;encarrega dels perfils a les elaboracions. La seva dilatada experi\u00e8ncia en el m\u00f3n\u00a0del\u00a0vi i el seu potencial com a comunicador aporten un nou aire a Celler Menescal.<\/p>\n<\/div>\n<\/div>\n<\/div><\/div>\n","protected":false},"excerpt":{"rendered":"<p>Josep Bosch En\u00f2leg\u00a0i propietari del celler, s&#8217;encarrega de la direcci\u00f3 t\u00e8cnica, aix\u00ed com de les tasques de viticultura, donant-li especial atenci\u00f3 a aquesta\u00a0\u00faltima, ja que\u00a0al Celler Menescal pensem que el vi es fa des de la vinya. Xavier Campo Sommelier i assessor del celler, s&#8217;encarrega dels perfils a les elaboracions. La seva dilatada experi\u00e8ncia en &hellip; <a href=\"https:\/\/cellermenescal.com\/ca\/fem-menescal\/\" class=\"more-link\">Continueu llegint <span class=\"screen-reader-text\">Fem Menescal<\/span><\/a><\/p>\n","protected":false},"author":194617621,"featured_media":253,"parent":0,"menu_order":0,"comment_status":"closed","ping_status":"closed","template":"full-width-page.php","meta":{"_coblocks_attr":"","_coblocks_dimensions":"","_coblocks_responsive_height":"","_coblocks_accordion_ie_support":"","_crdt_document":"","advanced_seo_description":"","jetpack_seo_html_title":"","jetpack_seo_noindex":false,"footnotes":""},"tags":[],"class_list":["post-636","page","type-page","status-publish","has-post-thumbnail","hentry"],"jetpack_likes_enabled":null,"jetpack_sharing_enabled":false,"jetpack_shortlink":"https:\/\/wp.me\/Pcs7T2-ag","amp_enabled":false,"_links":{"self":[{"href":"https:\/\/cellermenescal.com\/ca\/wp-json\/wp\/v2\/pages\/636","targetHints":{"allow":["GET"]}}],"collection":[{"href":"https:\/\/cellermenescal.com\/ca\/wp-json\/wp\/v2\/pages"}],"about":[{"href":"https:\/\/cellermenescal.com\/ca\/wp-json\/wp\/v2\/types\/page"}],"author":[{"embeddable":true,"href":"https:\/\/cellermenescal.com\/ca\/wp-json\/wp\/v2\/users\/194617621"}],"replies":[{"embeddable":true,"href":"https:\/\/cellermenescal.com\/ca\/wp-json\/wp\/v2\/comments?post=636"}],"version-history":[{"count":3,"href":"https:\/\/cellermenescal.com\/ca\/wp-json\/wp\/v2\/pages\/636\/revisions"}],"predecessor-version":[{"id":706,"href":"https:\/\/cellermenescal.com\/ca\/wp-json\/wp\/v2\/pages\/636\/revisions\/706"}],"wp:featuredmedia":[{"embeddable":true,"href":"https:\/\/cellermenescal.com\/ca\/wp-json\/wp\/v2\/media\/253"}],"wp:attachment":[{"href":"https:\/\/cellermenescal.com\/ca\/wp-json\/wp\/v2\/media?parent=636"}],"wp:term":[{"taxonomy":"post_tag","embeddable":true,"href":"https:\/\/cellermenescal.com\/ca\/wp-json\/wp\/v2\/tags?post=636"}],"curies":[{"name":"wp","href":"https:\/\/api.w.org\/{rel}","templated":true}]}}