{"id":630,"date":"2021-01-23T19:15:48","date_gmt":"2021-01-23T18:15:48","guid":{"rendered":"https:\/\/cellermenescal.com\/?page_id=630"},"modified":"2021-03-09T11:17:56","modified_gmt":"2021-03-09T10:17:56","slug":"la-nostra-historia","status":"publish","type":"page","link":"https:\/\/cellermenescal.com\/ca\/la-nostra-historia\/","title":{"rendered":"La nostra hist\u00f2ria"},"content":{"rendered":"\n<p class=\"wp-block-paragraph\">La finca situada al cor de Bot i propietat de la fam\u00edlia Bosch-Llovet, es coneix&nbsp;com a&nbsp;Cal Menescal. Segons les dades existents va ser edificada a principis de segle XIX per l&#8217;avantpassat Fuster, de professi\u00f3 veterinari&nbsp;(&nbsp;&#8220;menescal&#8221; en catal\u00e0 antic), encara que b\u00e9 podria datar-se de finals de segle XVIII.<\/p>\n\n\n\n<p class=\"wp-block-paragraph\">La transformaci\u00f3 del ra\u00efm en vi, es remunta a abans de 1860. L&#8217;exist\u00e8ncia d&#8217;una&nbsp;b\u00f3ta&nbsp;de 1600 litres de capacitat d&#8217;aquesta antiguitat i que encara conservem al celler, d\u00f3na fe de la tradici\u00f3 vitivin\u00edcola de la nostra fam\u00edlia.<\/p>\n\n\n\n<p class=\"wp-block-paragraph\">A la fi del segle passat, petits cellers de la zona decideixen abandonar la pr\u00e0ctica de l&#8217;elaboraci\u00f3 de vins de taula o de suport a vins poc estructurats, per endinsar-se en la vinificaci\u00f3 del fruit de les vinyes velles i seleccionades, aconseguint vins de gran qualitat.<\/p>\n\n\n\n<p class=\"wp-block-paragraph\">Celler Menescal \u00e9s tamb\u00e9 en aquest moment, finals de segle XX, quan comen\u00e7a a canviar i a mirar el futur.<\/p>\n\n\n\n<p class=\"wp-block-paragraph\">L&#8217;any 2000, vam treure a mercat les primeres l\u00ednies de vins de qualitat, que van ser: Vall del Rac\u00f3 i&nbsp;Avus. Al llarg d&#8217;aquests anys, hem afegit noves refer\u00e8ncies comercials i hem canviat la marca Vall de Rac\u00f3 deixant nom\u00e9s el terme menescal, que aglutina tots els productes i col\u00b7leccions del nostre celler.<\/p>\n","protected":false},"excerpt":{"rendered":"<p>La finca situada al cor de Bot i propietat de la fam\u00edlia Bosch-Llovet, es coneix&nbsp;com a&nbsp;Cal Menescal. Segons les dades existents va ser edificada a principis de segle XIX per l&#8217;avantpassat Fuster, de professi\u00f3 veterinari&nbsp;(&nbsp;&#8220;menescal&#8221; en catal\u00e0 antic), encara que b\u00e9 podria datar-se de finals de segle XVIII. La transformaci\u00f3 del ra\u00efm en vi, es &hellip; <a href=\"https:\/\/cellermenescal.com\/ca\/la-nostra-historia\/\" class=\"more-link\">Continueu llegint <span class=\"screen-reader-text\">La nostra hist\u00f2ria<\/span><\/a><\/p>\n","protected":false},"author":194617621,"featured_media":56,"parent":0,"menu_order":1,"comment_status":"closed","ping_status":"closed","template":"full-width-page.php","meta":{"_coblocks_attr":"","_coblocks_dimensions":"","_coblocks_responsive_height":"","_coblocks_accordion_ie_support":"","_crdt_document":"","advanced_seo_description":"","jetpack_seo_html_title":"","jetpack_seo_noindex":false,"footnotes":""},"tags":[],"class_list":["post-630","page","type-page","status-publish","has-post-thumbnail","hentry"],"jetpack_likes_enabled":true,"jetpack_sharing_enabled":true,"jetpack_shortlink":"https:\/\/wp.me\/Pcs7T2-aa","amp_enabled":false,"_links":{"self":[{"href":"https:\/\/cellermenescal.com\/ca\/wp-json\/wp\/v2\/pages\/630","targetHints":{"allow":["GET"]}}],"collection":[{"href":"https:\/\/cellermenescal.com\/ca\/wp-json\/wp\/v2\/pages"}],"about":[{"href":"https:\/\/cellermenescal.com\/ca\/wp-json\/wp\/v2\/types\/page"}],"author":[{"embeddable":true,"href":"https:\/\/cellermenescal.com\/ca\/wp-json\/wp\/v2\/users\/194617621"}],"replies":[{"embeddable":true,"href":"https:\/\/cellermenescal.com\/ca\/wp-json\/wp\/v2\/comments?post=630"}],"version-history":[{"count":4,"href":"https:\/\/cellermenescal.com\/ca\/wp-json\/wp\/v2\/pages\/630\/revisions"}],"predecessor-version":[{"id":1128,"href":"https:\/\/cellermenescal.com\/ca\/wp-json\/wp\/v2\/pages\/630\/revisions\/1128"}],"wp:featuredmedia":[{"embeddable":true,"href":"https:\/\/cellermenescal.com\/ca\/wp-json\/wp\/v2\/media\/56"}],"wp:attachment":[{"href":"https:\/\/cellermenescal.com\/ca\/wp-json\/wp\/v2\/media?parent=630"}],"wp:term":[{"taxonomy":"post_tag","embeddable":true,"href":"https:\/\/cellermenescal.com\/ca\/wp-json\/wp\/v2\/tags?post=630"}],"curies":[{"name":"wp","href":"https:\/\/api.w.org\/{rel}","templated":true}]}}