{"id":1646,"date":"2021-03-19T07:46:50","date_gmt":"2021-03-19T06:46:50","guid":{"rendered":"https:\/\/cellermenescal.com\/?page_id=1646"},"modified":"2025-07-12T11:28:00","modified_gmt":"2025-07-12T09:28:00","slug":"bike-and-wine-3","status":"publish","type":"page","link":"https:\/\/cellermenescal.com\/ca\/bike-and-wine-3\/","title":{"rendered":"Bike and Wine"},"content":{"rendered":"\n<p class=\"has-large-font-size wp-block-paragraph\"><strong>PASSEIG PER LES VINYES AMB BICI EL\u00c8CTRICA<\/strong><\/p>\n\n<p class=\"wp-block-paragraph\">Conjuntament amb Montsport, hem creat una activitat apassionant.<\/p>\n\n<p class=\"wp-block-paragraph\">Descobreix amb nosaltres el nostre entorn, els paisatges m\u00e9s nostres i les vinyes m\u00e9s noves i m\u00e9s antigues del nostre celler.<\/p>\n\n<p class=\"wp-block-paragraph\">Un recorregut amb bici el\u00e8ctrica on maridarem vinyes, natura, esport i vins.<\/p>\n\n<p class=\"wp-block-paragraph\">Ruta guiada de 10 km. Sortida del nostre celler, per fer un recorregut per alguns dels entorns m\u00e9s bonics de Bot. Es van fent parades per descobrir els diferents cultius i paisatges.<\/p>\n\n<p class=\"wp-block-paragraph\">Rutes i horaris adaptades a edats, forma f\u00edsica i \u00e8poca de l&#8217;any (estacions).<\/p>\n\n<p class=\"wp-block-paragraph\">El final del trajecte amb la bici, \u00e9s al propi celler, des d&#8217;on hem sortit.<\/p>\n\n<p class=\"wp-block-paragraph\">Acabarem l&#8217;activitat amb un tast comentat de 4 vins i el nostre b\u00e0lsam de vinagre, acompanyat d&#8217;un petit aperitiu per recuperar les forces.<\/p>\n\n<p class=\"has-medium-font-size wp-block-paragraph\"><span style=\"text-decoration:underline;\">CONDICIONS<\/span><\/p>\n\n<p class=\"wp-block-paragraph\">DURADA: 3 hores aproximadament<\/p>\n\n<figure class=\"wp-block-image size-large\"><img data-recalc-dims=\"1\" loading=\"lazy\" decoding=\"async\" width=\"900\" height=\"675\" src=\"https:\/\/i0.wp.com\/cellermenescal.com\/wp-content\/uploads\/2021\/03\/IMG_1424-2.jpg?resize=900%2C675&#038;ssl=1\" alt=\"\" class=\"wp-image-1658\" srcset=\"https:\/\/i0.wp.com\/cellermenescal.com\/wp-content\/uploads\/2021\/03\/IMG_1424-2.jpg?resize=1024%2C768&amp;ssl=1 1024w, https:\/\/i0.wp.com\/cellermenescal.com\/wp-content\/uploads\/2021\/03\/IMG_1424-2.jpg?resize=300%2C225&amp;ssl=1 300w, https:\/\/i0.wp.com\/cellermenescal.com\/wp-content\/uploads\/2021\/03\/IMG_1424-2.jpg?resize=768%2C576&amp;ssl=1 768w, https:\/\/i0.wp.com\/cellermenescal.com\/wp-content\/uploads\/2021\/03\/IMG_1424-2.jpg?resize=1536%2C1152&amp;ssl=1 1536w, https:\/\/i0.wp.com\/cellermenescal.com\/wp-content\/uploads\/2021\/03\/IMG_1424-2.jpg?resize=2048%2C1536&amp;ssl=1 2048w, https:\/\/i0.wp.com\/cellermenescal.com\/wp-content\/uploads\/2021\/03\/IMG_1424-2.jpg?resize=1200%2C900&amp;ssl=1 1200w, https:\/\/i0.wp.com\/cellermenescal.com\/wp-content\/uploads\/2021\/03\/IMG_1424-2.jpg?resize=800%2C600&amp;ssl=1 800w, https:\/\/i0.wp.com\/cellermenescal.com\/wp-content\/uploads\/2021\/03\/IMG_1424-2.jpg?resize=400%2C300&amp;ssl=1 400w, https:\/\/i0.wp.com\/cellermenescal.com\/wp-content\/uploads\/2021\/03\/IMG_1424-2.jpg?resize=200%2C150&amp;ssl=1 200w, https:\/\/i0.wp.com\/cellermenescal.com\/wp-content\/uploads\/2021\/03\/IMG_1424-2.jpg?resize=2000%2C1500&amp;ssl=1 2000w, https:\/\/i0.wp.com\/cellermenescal.com\/wp-content\/uploads\/2021\/03\/IMG_1424-2.jpg?resize=580%2C435&amp;ssl=1 580w, https:\/\/i0.wp.com\/cellermenescal.com\/wp-content\/uploads\/2021\/03\/IMG_1424-2.jpg?resize=80%2C60&amp;ssl=1 80w, https:\/\/i0.wp.com\/cellermenescal.com\/wp-content\/uploads\/2021\/03\/IMG_1424-2.jpg?resize=120%2C90&amp;ssl=1 120w, https:\/\/i0.wp.com\/cellermenescal.com\/wp-content\/uploads\/2021\/03\/IMG_1424-2.jpg?w=1800&amp;ssl=1 1800w, https:\/\/i0.wp.com\/cellermenescal.com\/wp-content\/uploads\/2021\/03\/IMG_1424-2.jpg?w=2700&amp;ssl=1 2700w\" sizes=\"auto, (max-width: 900px) 100vw, 900px\" \/><\/figure>\n\n<p class=\"wp-block-paragraph\">M\u00cdNIM: 2 + 2 persones<\/p>\n\n<p class=\"wp-block-paragraph\">PREUS PER GRUPS: <br\/><strong>Grups de menys de 4 persones: 75\u20ac \/ persona<\/strong><br\/>Grups entre 4 i 7 personas: 6<strong>8 \u20ac <\/strong>\/ persona<br\/>Per grups m\u00e9s grans, consultar tarifes.<\/p>\n\n<p class=\"wp-block-paragraph\">Inclou: guia, lloguer bici, lloguer casc, asseguran\u00e7a, visita al celler i tast de vins<\/p>\n\n<p class=\"wp-block-paragraph\">RESERVA: imprescindible reserva pr\u00e8via<\/p>\n\n<p class=\"wp-block-paragraph\">__________________________________________________________________________________<\/p>\n\n<p class=\"has-large-font-size wp-block-paragraph\">VIA VERDA I VISITA CELLER<\/p>\n\n<p class=\"wp-block-paragraph\">Conjuntament amb Montsport, hem unit la Via Verda, natura i vi.<\/p>\n\n<p class=\"wp-block-paragraph\">Passeig amb bici on descobrir\u00e0s la famosa Via Verda, al tram d&#8217;Horta de Sant Joan fins a Bot i visita guiada amb tast incl\u00f2s al Celler Menescal a Bot.<\/p>\n\n<p class=\"wp-block-paragraph\">Ruta de 9 km en un dels trams m\u00e9s accessibles i m\u00e9s bonics de la via Verda. F\u00e0cilment realitzable per tota la fam\u00edlia ja que durant tot el tram t\u00e9 un suau descens que el converteix en un passeig espectacular.<\/p>\n\n<p class=\"wp-block-paragraph\">Un cop arribats a Bot, ens desplacem al celler, on farem una visita guiada i coneixereu el nostre petit museu d&#8217;estris antics, us explicarem com fem els nostres vins m\u00e9s personals i acabarem amb un tast comentat de 4 vins i el nostre conegut b\u00e0lsam de vinagre.<\/p>\n\n<p class=\"wp-block-paragraph\">Activitat recomanada per tota la fam\u00edlia. En cas d&#8217;haver nens, ens divertirem tots junts, jugant als aromes i tastant most, per tal que els m\u00e9s petits de la casa es sentin part de l&#8217;experi\u00e8ncia.<\/p>\n\n<p class=\"wp-block-paragraph\">La recollida es pot pactar a Bot o al Pinell de Brai.<\/p>\n\n<p class=\"has-medium-font-size wp-block-paragraph\"><span style=\"text-decoration:underline;\">CONDICIONS<\/span><\/p>\n\n<p class=\"wp-block-paragraph\">DURADA: 1,5 hores activitat celler m\u00e9s ruta via verda<\/p>\n\n<p class=\"wp-block-paragraph\">M\u00cdNIM: 2 + 2 persones<\/p>\n\n<p class=\"wp-block-paragraph\">PRECIO POR PERSONA: 35<strong> \u20ac<\/strong> adulto y <strong>28 \u20ac<\/strong> ni\u00f1os (entre 4 y 14 a\u00f1os)<\/p>\n\n<p class=\"wp-block-paragraph\">Inclou: lloguer bici, casc, visita guiada celler, tast de vins, asseguran\u00e7a i recollida per deixar-nos al punt de sortida.<\/p>\n\n<p class=\"wp-block-paragraph\">RESERVA: reserva pr\u00e8via<\/p>\n\n<figure class=\"wp-block-image size-large\"><img data-recalc-dims=\"1\" loading=\"lazy\" decoding=\"async\" width=\"620\" height=\"220\" src=\"https:\/\/i0.wp.com\/cellermenescal.com\/wp-content\/uploads\/2021\/03\/BIKE-AND-WINE-VIA-VERDA-1.jpg?resize=620%2C220&#038;ssl=1\" alt=\"\" class=\"wp-image-1664\" srcset=\"https:\/\/i0.wp.com\/cellermenescal.com\/wp-content\/uploads\/2021\/03\/BIKE-AND-WINE-VIA-VERDA-1.jpg?w=620&amp;ssl=1 620w, https:\/\/i0.wp.com\/cellermenescal.com\/wp-content\/uploads\/2021\/03\/BIKE-AND-WINE-VIA-VERDA-1.jpg?resize=300%2C106&amp;ssl=1 300w, https:\/\/i0.wp.com\/cellermenescal.com\/wp-content\/uploads\/2021\/03\/BIKE-AND-WINE-VIA-VERDA-1.jpg?resize=580%2C206&amp;ssl=1 580w, https:\/\/i0.wp.com\/cellermenescal.com\/wp-content\/uploads\/2021\/03\/BIKE-AND-WINE-VIA-VERDA-1.jpg?resize=169%2C60&amp;ssl=1 169w, https:\/\/i0.wp.com\/cellermenescal.com\/wp-content\/uploads\/2021\/03\/BIKE-AND-WINE-VIA-VERDA-1.jpg?resize=254%2C90&amp;ssl=1 254w\" sizes=\"auto, (max-width: 620px) 100vw, 620px\" \/><\/figure>\n\n<p class=\"wp-block-paragraph\">__________________________________________________________________________________<\/p>\n\n<p class=\"has-large-font-size wp-block-paragraph\">M\u00c9S ACTIVITATS<\/p>\n\n<p class=\"has-medium-font-size wp-block-paragraph\">Si tens bici pr\u00f2pia i est\u00e0s fent ruta per la Terra Alta, acosta&#8217;t. Tindr\u00e0s descompte en l&#8217;enviament dels vins fins al teu domicili. Vine i informa&#8217;t.<\/p>\n\n<p class=\"has-medium-font-size wp-block-paragraph\">Consulta disponibilitat i preus a trav\u00e9s de la nostra p\u00e0gina de <a href=\"https:\/\/cellermenescal.com\/ca\/contacte-2\/\">contacte<\/a><\/p>\n\n<p class=\"wp-block-paragraph\">__________________________________________________________________________________<\/p>\n\n<figure class=\"wp-block-image size-large\"><img data-recalc-dims=\"1\" loading=\"lazy\" decoding=\"async\" width=\"784\" height=\"192\" src=\"https:\/\/i0.wp.com\/cellermenescal.com\/wp-content\/uploads\/2020\/10\/covid-menescal.png?resize=784%2C192&#038;ssl=1\" alt=\"\" class=\"wp-image-412\"\/><\/figure>\n","protected":false},"excerpt":{"rendered":"<p>Bicicleta, naturalesa i vins<\/p>\n","protected":false},"author":194617621,"featured_media":1662,"parent":0,"menu_order":0,"comment_status":"closed","ping_status":"closed","template":"full-width-page.php","meta":{"_coblocks_attr":"","_coblocks_dimensions":"","_coblocks_responsive_height":"","_coblocks_accordion_ie_support":"","_crdt_document":"","advanced_seo_description":"","jetpack_seo_html_title":"","jetpack_seo_noindex":false,"jetpack_post_was_ever_published":false,"footnotes":""},"tags":[],"class_list":["post-1646","page","type-page","status-publish","has-post-thumbnail","hentry"],"jetpack_likes_enabled":true,"jetpack_sharing_enabled":true,"jetpack_shortlink":"https:\/\/wp.me\/Pcs7T2-qy","amp_enabled":false,"_links":{"self":[{"href":"https:\/\/cellermenescal.com\/ca\/wp-json\/wp\/v2\/pages\/1646","targetHints":{"allow":["GET"]}}],"collection":[{"href":"https:\/\/cellermenescal.com\/ca\/wp-json\/wp\/v2\/pages"}],"about":[{"href":"https:\/\/cellermenescal.com\/ca\/wp-json\/wp\/v2\/types\/page"}],"author":[{"embeddable":true,"href":"https:\/\/cellermenescal.com\/ca\/wp-json\/wp\/v2\/users\/194617621"}],"replies":[{"embeddable":true,"href":"https:\/\/cellermenescal.com\/ca\/wp-json\/wp\/v2\/comments?post=1646"}],"version-history":[{"count":26,"href":"https:\/\/cellermenescal.com\/ca\/wp-json\/wp\/v2\/pages\/1646\/revisions"}],"predecessor-version":[{"id":10247,"href":"https:\/\/cellermenescal.com\/ca\/wp-json\/wp\/v2\/pages\/1646\/revisions\/10247"}],"wp:featuredmedia":[{"embeddable":true,"href":"https:\/\/cellermenescal.com\/ca\/wp-json\/wp\/v2\/media\/1662"}],"wp:attachment":[{"href":"https:\/\/cellermenescal.com\/ca\/wp-json\/wp\/v2\/media?parent=1646"}],"wp:term":[{"taxonomy":"post_tag","embeddable":true,"href":"https:\/\/cellermenescal.com\/ca\/wp-json\/wp\/v2\/tags?post=1646"}],"curies":[{"name":"wp","href":"https:\/\/api.w.org\/{rel}","templated":true}]}}