{"id":1494,"date":"2021-03-11T09:17:36","date_gmt":"2021-03-11T08:17:36","guid":{"rendered":"https:\/\/cellermenescal.com\/?page_id=1494"},"modified":"2021-03-11T09:17:38","modified_gmt":"2021-03-11T08:17:38","slug":"la-terra-alta","status":"publish","type":"page","link":"https:\/\/cellermenescal.com\/ca\/la-terra-alta\/","title":{"rendered":"La Terra Alta"},"content":{"rendered":"\n<p class=\"wp-block-paragraph\">La \u00abTerra Alta\u00bb \u00e9s la regi\u00f3 vitivin\u00edcola m\u00e9s meridional de Catalunya, de tradici\u00f3 mediterr\u00e0nia i amb una hist\u00f2ria mil\u00b7len\u00e0ria. Est\u00e0 situada a\u00a0sud-oest\u00a0de Catalunya, entre el riu Ebre i la frontera amb terres aragoneses. Dels seus paisatges\u00a0destaquen les serres calc\u00e0ries del Port d\u2019Horta, la Serra de\u00a0P\u00e0ndols\u00a0i la Serra de Cavalls. Aquestes formacions expliquen gran part de les particularitats del terrer\u00a0i s\u00f3n l\u2019origen de les dues unitats de paisatge amb vocaci\u00f3 vitivin\u00edcola: la Plana i l\u2019Altipl\u00e0. L\u2019altitud sobre el nivell de la mar d\u2019aquestes terres de cultiu est\u00e0 compresa entre els 350 i els 500 metres, de manera que el nom \u00abTerra Alta\u00bb \u00fanicament b\u00e9 donat per la perspectiva que s\u2019obt\u00e9 de la regi\u00f3 des de la depressi\u00f3 del riu Ebre.<\/p>\n\n\n\n<p class=\"wp-block-paragraph\">La Terra Alta va aconseguir el reconeixement p\u00fablic mitjan\u00e7ant el distintiu de Denominaci\u00f3 d\u2019Origen (DO) oficialment\u00a0el maig\u00a0de 1982, despr\u00e9s de deu anys de provisionalitat.<\/p>\n\n\n\n<p class=\"wp-block-paragraph\">El conjunt de particularitats i valors associats a la DO \u00abTerra Alta\u00bb donen com a resultat una regi\u00f3 vitivin\u00edcola aut\u00e8ntica, on la terra, la vinya, el vi i la seva gent es converteixen en un gran atractiu tur\u00edstic.<\/p>\n\n\n\n<div class=\"wp-block-image\"><figure class=\"aligncenter\"><img data-recalc-dims=\"1\" decoding=\"async\" src=\"https:\/\/i0.wp.com\/www.cellermenescal.com\/media\/cache\/imatge620x220\/uploads\/images\/inici\/terraalta.jpg?w=900&#038;ssl=1\" alt=\"\" title=\"\"\/><\/figure><\/div>\n\n\n\n<p class=\"wp-block-paragraph\">Visita la web de la <a href=\"https:\/\/www.doterraalta.com\/\">Denominaci\u00f3n de Origen Terra Alta<\/a><\/p>\n\n\n\n<p class=\"has-small-font-size wp-block-paragraph\">Foto de cap\u00e7alera de la DOTA<\/p>\n","protected":false},"excerpt":{"rendered":"<p>La \u00abTerra Alta\u00bb \u00e9s la regi\u00f3 vitivin\u00edcola m\u00e9s meridional de Catalunya, de tradici\u00f3 mediterr\u00e0nia i amb una hist\u00f2ria mil\u00b7len\u00e0ria. Est\u00e0 situada a\u00a0sud-oest\u00a0de Catalunya, entre el riu Ebre i la frontera amb terres aragoneses. Dels seus paisatges\u00a0destaquen les serres calc\u00e0ries del Port d\u2019Horta, la Serra de\u00a0P\u00e0ndols\u00a0i la Serra de Cavalls. Aquestes formacions expliquen gran part de &hellip; <a href=\"https:\/\/cellermenescal.com\/ca\/la-terra-alta\/\" class=\"more-link\">Continueu llegint <span class=\"screen-reader-text\">La Terra Alta<\/span><\/a><\/p>\n","protected":false},"author":194617621,"featured_media":1233,"parent":0,"menu_order":0,"comment_status":"closed","ping_status":"closed","template":"full-width-page.php","meta":{"_coblocks_attr":"","_coblocks_dimensions":"","_coblocks_responsive_height":"","_coblocks_accordion_ie_support":"","_crdt_document":"","advanced_seo_description":"","jetpack_seo_html_title":"","jetpack_seo_noindex":false,"jetpack_post_was_ever_published":false,"footnotes":""},"tags":[],"class_list":["post-1494","page","type-page","status-publish","has-post-thumbnail","hentry"],"jetpack_likes_enabled":true,"jetpack_sharing_enabled":true,"jetpack_shortlink":"https:\/\/wp.me\/Pcs7T2-o6","amp_enabled":false,"_links":{"self":[{"href":"https:\/\/cellermenescal.com\/ca\/wp-json\/wp\/v2\/pages\/1494","targetHints":{"allow":["GET"]}}],"collection":[{"href":"https:\/\/cellermenescal.com\/ca\/wp-json\/wp\/v2\/pages"}],"about":[{"href":"https:\/\/cellermenescal.com\/ca\/wp-json\/wp\/v2\/types\/page"}],"author":[{"embeddable":true,"href":"https:\/\/cellermenescal.com\/ca\/wp-json\/wp\/v2\/users\/194617621"}],"replies":[{"embeddable":true,"href":"https:\/\/cellermenescal.com\/ca\/wp-json\/wp\/v2\/comments?post=1494"}],"version-history":[{"count":2,"href":"https:\/\/cellermenescal.com\/ca\/wp-json\/wp\/v2\/pages\/1494\/revisions"}],"predecessor-version":[{"id":1496,"href":"https:\/\/cellermenescal.com\/ca\/wp-json\/wp\/v2\/pages\/1494\/revisions\/1496"}],"wp:featuredmedia":[{"embeddable":true,"href":"https:\/\/cellermenescal.com\/ca\/wp-json\/wp\/v2\/media\/1233"}],"wp:attachment":[{"href":"https:\/\/cellermenescal.com\/ca\/wp-json\/wp\/v2\/media?parent=1494"}],"wp:term":[{"taxonomy":"post_tag","embeddable":true,"href":"https:\/\/cellermenescal.com\/ca\/wp-json\/wp\/v2\/tags?post=1494"}],"curies":[{"name":"wp","href":"https:\/\/api.w.org\/{rel}","templated":true}]}}