{"id":1457,"date":"2021-03-11T08:26:44","date_gmt":"2021-03-11T07:26:44","guid":{"rendered":"https:\/\/cellermenescal.com\/?page_id=1457"},"modified":"2021-03-11T08:26:45","modified_gmt":"2021-03-11T07:26:45","slug":"les-nostres-terres-2","status":"publish","type":"page","link":"https:\/\/cellermenescal.com\/ca\/les-nostres-terres-2\/","title":{"rendered":"Les Nostres Terres"},"content":{"rendered":"\n<p class=\"wp-block-paragraph\">El celler est\u00e0 situat a la comarca de la Terra Alta, en el sud-oest de Catalunya, a m\u00e9s de 400 m d\u2019altitud respecte al nivell de la mar. De clima mediterrani amb influ\u00e8ncies continentals, les nostres vinyes tenen una antiguitat mitjana de&nbsp;40&nbsp;anys.<br><br>Aquest l\u2019\u00faltim punt, d\u00f3na&nbsp;als nostres vins una forta personalitat i la combinaci\u00f3 amb els nostres s\u00f2ls, de textura mitjana, amb forta pres\u00e8ncia del Panal i&nbsp;Tapa\u00e7&nbsp;imprimeix un marcat sabor de la nostra terra en tots els nostres vins.<br><br>En l\u2019actualitat el nostre celler consta de 17 Ha de vinyes pr\u00f2pies en producci\u00f3, situades totes en l\u2019\u00e0mbit geogr\u00e0fic de Bot.<br><br>Situades en diferents partides, la distribuci\u00f3 per varietats \u00e9s la seg\u00fcent:<\/p>\n\n\n\n<ul class=\"wp-block-list\"><li>Varietats blanques:&nbsp;garnatxa, macabeu,&nbsp;chardonnay,&nbsp;esquitxag\u00f2s<\/li><li>Varietats negres:&nbsp;Garnatxa&nbsp;fina,&nbsp;Garnatxa Peluda, garnatxa&nbsp;tintorera, merlot,&nbsp;syrah, ull de llebre,&nbsp;carinyena&nbsp;i&nbsp;Morenillo.<\/li><\/ul>\n\n\n\n<p class=\"wp-block-paragraph\">El nostre respecte per la tradici\u00f3 i l\u2019entorn ens va portar a certificar les nostres vinyes pel&nbsp;CCPAE&nbsp;des de l\u2019any 2011, com a cultiu ecol\u00f2gic.<\/p>\n","protected":false},"excerpt":{"rendered":"<p>El celler est\u00e0 situat a la comarca de la Terra Alta, en el sud-oest de Catalunya, a m\u00e9s de 400 m d\u2019altitud respecte al nivell de la mar. De clima mediterrani amb influ\u00e8ncies continentals, les nostres vinyes tenen una antiguitat mitjana de&nbsp;40&nbsp;anys. Aquest l\u2019\u00faltim punt, d\u00f3na&nbsp;als nostres vins una forta personalitat i la combinaci\u00f3 amb &hellip; <a href=\"https:\/\/cellermenescal.com\/ca\/les-nostres-terres-2\/\" class=\"more-link\">Continueu llegint <span class=\"screen-reader-text\">Les Nostres Terres<\/span><\/a><\/p>\n","protected":false},"author":194617621,"featured_media":1245,"parent":0,"menu_order":0,"comment_status":"closed","ping_status":"closed","template":"full-width-page.php","meta":{"_coblocks_attr":"","_coblocks_dimensions":"","_coblocks_responsive_height":"","_coblocks_accordion_ie_support":"","_crdt_document":"","advanced_seo_description":"","jetpack_seo_html_title":"","jetpack_seo_noindex":false,"footnotes":""},"tags":[],"class_list":["post-1457","page","type-page","status-publish","has-post-thumbnail","hentry"],"jetpack_likes_enabled":true,"jetpack_sharing_enabled":true,"jetpack_shortlink":"https:\/\/wp.me\/Pcs7T2-nv","amp_enabled":false,"_links":{"self":[{"href":"https:\/\/cellermenescal.com\/ca\/wp-json\/wp\/v2\/pages\/1457","targetHints":{"allow":["GET"]}}],"collection":[{"href":"https:\/\/cellermenescal.com\/ca\/wp-json\/wp\/v2\/pages"}],"about":[{"href":"https:\/\/cellermenescal.com\/ca\/wp-json\/wp\/v2\/types\/page"}],"author":[{"embeddable":true,"href":"https:\/\/cellermenescal.com\/ca\/wp-json\/wp\/v2\/users\/194617621"}],"replies":[{"embeddable":true,"href":"https:\/\/cellermenescal.com\/ca\/wp-json\/wp\/v2\/comments?post=1457"}],"version-history":[{"count":2,"href":"https:\/\/cellermenescal.com\/ca\/wp-json\/wp\/v2\/pages\/1457\/revisions"}],"predecessor-version":[{"id":1459,"href":"https:\/\/cellermenescal.com\/ca\/wp-json\/wp\/v2\/pages\/1457\/revisions\/1459"}],"wp:featuredmedia":[{"embeddable":true,"href":"https:\/\/cellermenescal.com\/ca\/wp-json\/wp\/v2\/media\/1245"}],"wp:attachment":[{"href":"https:\/\/cellermenescal.com\/ca\/wp-json\/wp\/v2\/media?parent=1457"}],"wp:term":[{"taxonomy":"post_tag","embeddable":true,"href":"https:\/\/cellermenescal.com\/ca\/wp-json\/wp\/v2\/tags?post=1457"}],"curies":[{"name":"wp","href":"https:\/\/api.w.org\/{rel}","templated":true}]}}